{"id":17146,"date":"2023-07-01T15:37:11","date_gmt":"2023-07-01T13:37:11","guid":{"rendered":"https:\/\/1erseptembre2023.theatredesremparts.be\/?page_id=17146"},"modified":"2023-07-01T19:00:04","modified_gmt":"2023-07-01T17:00:04","slug":"conditions-generales-de-vente","status":"publish","type":"page","link":"https:\/\/1erseptembre2023.theatredesremparts.be\/index.php\/conditions-generales-de-vente\/","title":{"rendered":"Conditions g\u00e9n\u00e9rales de vente"},"content":{"rendered":"\n<p>Les repr\u00e9sentations commencent \u00e0 l\u2019heure pr\u00e9cise indiqu\u00e9e sur le ticket.<\/p>\n\n\n\n<p>Pour la plupart des endroits de repr\u00e9sentation, les places seront attribu\u00e9es \u00e0 votre arriv\u00e9e sur base d\u2019un plan de salle r\u00e9alis\u00e9 par nos soins. Les places faisant partie d\u2019une m\u00eame r\u00e9servation seront regroup\u00e9es. Pour d&rsquo;autres endroits, le placement sera libre. Nous vous invitons \u00e0 consulter les d\u00e9tails dans la section \u00ab\u00a0Tourn\u00e9e 2023\u00a0\u00bb.<\/p>\n\n\n\n<p>L\u2019organisateur, le cas \u00e9ch\u00e9ant, se r\u00e9serve le droit d\u2019interdire l\u2019acc\u00e8s des retardataires \u00e0 la salle d\u00e8s le d\u00e9but de l\u2019activit\u00e9. Sauf exception, les retardataires ne seront admis dans la salle que lors des applaudissements ou de l\u2019entracte.<\/p>\n\n\n\n<p>Seul le personnel de la salle est autoris\u00e9 \u00e0 r\u00e9attribuer les places non occup\u00e9es. Une fois replac\u00e9s, dans tous les cas, vous ne pourrez r\u00e9cup\u00e9rer vos places initialement attribu\u00e9es.<\/p>\n\n\n\n<p>La personne quittant la salle au cours de l\u2019activit\u00e9 ne pourra y revenir que pendant les applaudissements ou l\u2019entracte. La personne ne peut, dans ce cas, demander aucun d\u00e9dommagement pour n\u2019avoir pu participer \u00e0 la totalit\u00e9 de l\u2019activit\u00e9.<\/p>\n\n\n\n<p>Le billet est \u00e0 pr\u00e9senter sur simple demande.<\/p>\n\n\n\n<p>Les places pay\u00e9es ne sont ni reprises ni \u00e9chang\u00e9es, sauf en cas d\u2019annulation du spectacle.<\/p>\n\n\n\n<p>Aucun remboursement ne sera effectu\u00e9 en cas d\u2019interruption intervenant au-del\u00e0 de la moiti\u00e9 du spectacle.<\/p>\n\n\n\n<p>La direction se r\u00e9serve le droit de disposer des places non occup\u00e9es au d\u00e9but du spectacle.<\/p>\n\n\n\n<p>Il est interdit de filmer, de photographier et d\u2019enregistrer.<\/p>\n\n\n\n<p>Nous nous r\u00e9servons la possibilit\u00e9 d\u2019apporter toutes modifications \u00e0 la dur\u00e9e et la distribution du spectacle.<\/p>\n\n\n\n<p>Nous d\u00e9clinons toute responsabilit\u00e9 pour les dommages quelle qu\u2019en soit la nature qui seraient susceptibles d\u2019atteindre les effets apport\u00e9s en salle par les spectateurs et qui par cons\u00e9quent n\u2019auraient pas fait l\u2019objet d\u2019un d\u00e9p\u00f4t dans le vestiaire am\u00e9nag\u00e9 \u00e0 cet effet.<\/p>\n\n\n\n<p>Les spectateurs sont responsables de tout dommage direct ou indirect qu\u2019ils pourraient causer \u00e0 l\u2019occasion de leur pr\u00e9sence dans la salle et alentour.<\/p>\n\n\n\n<h3 class=\"wp-block-heading\">R\u00e9servation et attribution des places pour les r\u00e9servations en ligne<\/h3>\n\n\n\n<p>Seuls les tickets de spectacles sont mis en vente sur notre site.<br>Vous choisissez d\u2019abord la date de repr\u00e9sentation. Vous d\u00e9terminez ensuite le nombre de places voulues et cliquez sur \u00abConfirmer\u00bb.<br><br>Vous disposez de 30 minutes pour valider votre r\u00e9servation. Pass\u00e9 ce d\u00e9lai, les places seront remises en vente. L\u2019achat de places par internet pour une repr\u00e9sentation ayant lieu le jour-m\u00eame est possible jusqu\u2019\u00e0 1h avant l&rsquo;heure d&rsquo;ouverture des portes. <br>Il n&rsquo;est pas possible de r\u00e9server par t\u00e9l\u00e9phone. S&rsquo;il reste des places libres le jour de la repr\u00e9sentation , il y aura possibilit\u00e9 de les acheter sur place. <\/p>\n\n\n\n<p>Si vous \u00eates accompagn\u00e9s de jeunes enfants, personnes \u00e0 mobilit\u00e9 r\u00e9duite, nous vous demandons de nous en informer par message en accompagnement de votre r\u00e9servation, par Email. <\/p>\n\n\n\n<h3 class=\"wp-block-heading\">Tarifs<\/h3>\n\n\n\n<p>Les tarifs propos\u00e9s sur internet sont identiques \u00e0 ceux octroy\u00e9s sur place.<\/p>\n\n\n\n<p>Il n&rsquo;y a pas de tarif r\u00e9duit pour les enfants ou les personnes \u00e2g\u00e9es.<\/p>\n\n\n\n<p>Groupes : chaque commande en ligne est limit\u00e9e \u00e0 20 places par spectacle. <\/p>\n\n\n\n<p>Si vous souhaitez en r\u00e9server davantage, veuillez effectuer une r\u00e9servation suppl\u00e9mentaire. Si vous souhaiter regrouper des r\u00e9servations, veuillez nous contacter directement par message li\u00e9 \u00e0 votre derni\u00e8re r\u00e9servation afin de v\u00e9rifier les disponibilit\u00e9s.<\/p>\n\n\n\n<p>Il n\u2019y a pas de r\u00e9duction pour les groupes.<br><\/p>\n\n\n\n<h3 class=\"wp-block-heading\">Paiement et E-ticket\/E-Billet<\/h3>\n\n\n\n<p>Lors de l\u2019achat des places, le spectateur est responsable de v\u00e9rifier le nombre de billets, le nom, la date, le lieu et l\u2019heure du spectacle ainsi que le prix. Aucune r\u00e9clamation ne sera admise par la suite.<br>Le paiement des places r\u00e9serv\u00e9es par internet s\u2019effectue uniquement par paiement s\u00e9curis\u00e9 Stripe : les cartes de paiement Visa, MasterCard ou Bancontact\/Mister Cash sont accept\u00e9es. Apr\u00e8s validation de votre paiement, votre r\u00e9servation sera d\u00e9finitive. Vous recevrez alors un e-mail de confirmation contenant un fichier PDF avec vos places. Les places pay\u00e9es ne sont ni reprises ni \u00e9chang\u00e9es.<\/p>\n\n\n\n<h3 class=\"wp-block-heading\">\u00c9change ou remboursement des places<\/h3>\n\n\n\n<p>Si une repr\u00e9sentation est annul\u00e9e du fait de l&rsquo;ASBL Th\u00e9\u00e2tre des Remparts, un remboursement int\u00e9gral de votre ticket ou un report \u00e0 une autre date vous seront propos\u00e9s.  Dans le cas d\u2019intemp\u00e9ries, de probl\u00e8mes de circulation routi\u00e8re, de gr\u00e8ve de transports en commun, de manifestations, etc., la responsabilit\u00e9 de l&rsquo;ASBL Th\u00e9\u00e2tre des Remparts ne pourra \u00eatre engag\u00e9e. Les tickets ne pourront b\u00e9n\u00e9ficier ni d\u2019un remboursement ni d\u2019un report.<br>S\u2019il vous est impossible de venir au th\u00e9\u00e2tre \u00e0 la date pr\u00e9vue :<br>=> Dans ce cas, vous pouvez c\u00e9der le billet \u00e0 qui vous le souhaitez sans d\u00e9marches ni frais. La diff\u00e9rence \u00e9ventuelle ne sera pas rembours\u00e9e.<br><\/p>\n\n\n\n<h3 class=\"wp-block-heading\">Respect de la vie priv\u00e9e<\/h3>\n\n\n\n<p>Les donn\u00e9es personnelles que vous nous avez confi\u00e9es sont ajout\u00e9es \u00e0 notre fichier d\u2019adresses et sont exclusivement r\u00e9serv\u00e9es \u00e0 l\u2019usage du Th\u00e9\u00e2tre des Remparts de Bastogne. Si vous ne souhaitez plus recevoir nos informations ou si vous d\u00e9sirez nous communiquer un changement d\u2019adresse, vous pouvez nous envoyer un e-mail \u00e0 info@1erseptembre2023.theatredesremparts.be.<br>Pour toute information compl\u00e9mentaire, n\u2019h\u00e9sitez pas \u00e0 nous contacter : info@1erseptembre2023.theatredesremparts.be<\/p>\n","protected":false},"excerpt":{"rendered":"<p>Les repr\u00e9sentations commencent \u00e0 l\u2019heure pr\u00e9cise indiqu\u00e9e sur le ticket. Pour la plupart des endroits de repr\u00e9sentation, les places seront attribu\u00e9es \u00e0 votre arriv\u00e9e sur base d\u2019un plan de salle&#8230;<\/p>\n","protected":false},"author":1,"featured_media":0,"parent":0,"menu_order":0,"comment_status":"closed","ping_status":"closed","template":"","meta":[],"_links":{"self":[{"href":"https:\/\/1erseptembre2023.theatredesremparts.be\/index.php\/wp-json\/wp\/v2\/pages\/17146"}],"collection":[{"href":"https:\/\/1erseptembre2023.theatredesremparts.be\/index.php\/wp-json\/wp\/v2\/pages"}],"about":[{"href":"https:\/\/1erseptembre2023.theatredesremparts.be\/index.php\/wp-json\/wp\/v2\/types\/page"}],"author":[{"embeddable":true,"href":"https:\/\/1erseptembre2023.theatredesremparts.be\/index.php\/wp-json\/wp\/v2\/users\/1"}],"replies":[{"embeddable":true,"href":"https:\/\/1erseptembre2023.theatredesremparts.be\/index.php\/wp-json\/wp\/v2\/comments?post=17146"}],"version-history":[{"count":7,"href":"https:\/\/1erseptembre2023.theatredesremparts.be\/index.php\/wp-json\/wp\/v2\/pages\/17146\/revisions"}],"predecessor-version":[{"id":17181,"href":"https:\/\/1erseptembre2023.theatredesremparts.be\/index.php\/wp-json\/wp\/v2\/pages\/17146\/revisions\/17181"}],"wp:attachment":[{"href":"https:\/\/1erseptembre2023.theatredesremparts.be\/index.php\/wp-json\/wp\/v2\/media?parent=17146"}],"curies":[{"name":"wp","href":"https:\/\/api.w.org\/{rel}","templated":true}]}}