{"id":16595,"date":"2022-04-27T15:31:19","date_gmt":"2022-04-27T15:31:19","guid":{"rendered":"https:\/\/2022.1erseptembre2023.theatredesremparts.be\/?page_id=16595"},"modified":"2023-07-01T18:56:08","modified_gmt":"2023-07-01T16:56:08","slug":"informations-utiles","status":"publish","type":"page","link":"https:\/\/1erseptembre2023.theatredesremparts.be\/index.php\/informations-utiles\/","title":{"rendered":"Informations utiles\u00a0"},"content":{"rendered":"<div id=\"cmsmasters_row_vkt4gwz5r\" class=\"cmsmasters_row cmsmasters_color_scheme_default cmsmasters_row_top_default cmsmasters_row_bot_default cmsmasters_row_boxed\">\n<div class=\"cmsmasters_row_outer_parent\">\n<div class=\"cmsmasters_row_outer\">\n<div class=\"cmsmasters_row_inner\">\n<div class=\"cmsmasters_row_margin\">\n<div id=\"cmsmasters_column_d26gyirun\" class=\"cmsmasters_column one_first\">\n<div class=\"cmsmasters_column_inner\">\n<div id=\"cmsmasters_divider_ehobso0139\" class=\"cmsmasters_divider cmsmasters_divider_width_long cmsmasters_divider_pos_center\"><\/div>\n<div id=\"cmsmasters_heading_z14xhv7qwj\" class=\"cmsmasters_heading_wrap cmsmasters_heading_align_center\">\n\t<h2 class=\"cmsmasters_heading\">\u00ab Vous aimez aller droit au but et \u00eates \u00e0 la recherche d\u2019informations tr\u00e8s concr\u00e8tes ? Dans ce cas, vous \u00eates au bon endroit ! \u00bb<\/h2>\n<\/div>\n<\/div><\/div>\n<\/div>\n<\/div>\n<\/div>\n<\/div>\n<\/div>\n<div id=\"cmsmasters_row_e1q4buxytu\" class=\"cmsmasters_row cmsmasters_color_scheme_default cmsmasters_row_top_default cmsmasters_row_bot_default cmsmasters_row_boxed\">\n<div class=\"cmsmasters_row_outer_parent\">\n<div class=\"cmsmasters_row_outer\">\n<div class=\"cmsmasters_row_inner\">\n<div class=\"cmsmasters_row_margin\">\n<div id=\"cmsmasters_column_aqvt5xgbaf\" class=\"cmsmasters_column one_first\">\n<div class=\"cmsmasters_column_inner\"><ul id=\"cmsmasters_icon_list_items_96346m5yhj\" class=\"cmsmasters_icon_list_items cmsmasters_icon_list_type_block cmsmasters_icon_list_pos_left cmsmasters_color_type_border\"><li id=\"cmsmasters_icon_list_item_heularzcu8\" class=\"cmsmasters_icon_list_item\">\n<div class=\"cmsmasters_icon_list_item_inner\">\n<div class=\"cmsmasters_icon_list_icon_wrap\">\n<span class=\"cmsmasters_icon_list_icon cmsmasters-icon-thumbs-up\"><\/span>\n<\/div>\n<div class=\"cmsmasters_icon_list_item_content\">\n<h4 class=\"cmsmasters_icon_list_item_title\">O\u00f9 dois-je me rendre ?<\/h4>\n<div class=\"cmsmasters_icon_list_item_text\">\n<p>L&rsquo;adresse, la date et l&rsquo;heure de la repr\u00e9sentation sont indiqu\u00e9es sur les billets de\u00a0 votre r\u00e9servation.<\/p>\n<\/div>\n<\/div>\n<\/div>\n<\/li><li id=\"cmsmasters_icon_list_item_imley9f7t8\" class=\"cmsmasters_icon_list_item\">\n<div class=\"cmsmasters_icon_list_item_inner\">\n<div class=\"cmsmasters_icon_list_icon_wrap\">\n<span class=\"cmsmasters_icon_list_icon cmsmasters-icon-thumbs-up\"><\/span>\n<\/div>\n<div class=\"cmsmasters_icon_list_item_content\">\n<h4 class=\"cmsmasters_icon_list_item_title\">A quelle heure dois-je arriver ?<\/h4>\n<div class=\"cmsmasters_icon_list_item_text\">\n<p>Les portes seront ouvertes 30 minutes avant le d\u00e9but du spectacle.<\/p>\n<\/div>\n<\/div>\n<\/div>\n<\/li><li id=\"cmsmasters_icon_list_item_xa50sarlm\" class=\"cmsmasters_icon_list_item\">\n<div class=\"cmsmasters_icon_list_item_inner\">\n<div class=\"cmsmasters_icon_list_icon_wrap\">\n<span class=\"cmsmasters_icon_list_icon cmsmasters-icon-thumbs-up\"><\/span>\n<\/div>\n<div class=\"cmsmasters_icon_list_item_content\">\n<h4 class=\"cmsmasters_icon_list_item_title\">Et si j\u2032arrive en retard ?<\/h4>\n<div class=\"cmsmasters_icon_list_item_text\">\n<p>Nous vous demandons d\u2019arriver \u00e0 l\u2019heure pour \u00e9viter de perturber la repr\u00e9sentation.<\/p>\n<\/div>\n<\/div>\n<\/div>\n<\/li><li id=\"cmsmasters_icon_list_item_9d67omw0hn\" class=\"cmsmasters_icon_list_item\">\n<div class=\"cmsmasters_icon_list_item_inner\">\n<div class=\"cmsmasters_icon_list_icon_wrap\">\n<span class=\"cmsmasters_icon_list_icon cmsmasters-icon-thumbs-up\"><\/span>\n<\/div>\n<div class=\"cmsmasters_icon_list_item_content\">\n<h4 class=\"cmsmasters_icon_list_item_title\">Y a t\u2032il un bar ?<\/h4>\n<div class=\"cmsmasters_icon_list_item_text\">\n<p>Lors de la plupart des repr\u00e9sentations un bar sera \u00e0 votre disposition.<\/p>\n<p>Mais attention ! Pour quelques unes il n&rsquo;y en aura pas.<\/p>\n<p>Durant la repr\u00e9sentation, le bar sera ferm\u00e9.<\/p>\n<\/div>\n<\/div>\n<\/div>\n<\/li><li id=\"cmsmasters_icon_list_item_pgzwklgo2b\" class=\"cmsmasters_icon_list_item\">\n<div class=\"cmsmasters_icon_list_item_inner\">\n<div class=\"cmsmasters_icon_list_icon_wrap\">\n<span class=\"cmsmasters_icon_list_icon cmsmasters-icon-thumbs-up\"><\/span>\n<\/div>\n<div class=\"cmsmasters_icon_list_item_content\">\n<h4 class=\"cmsmasters_icon_list_item_title\">Pourrais-je prendre des photos ou filmer le spectacle ?<\/h4>\n<div class=\"cmsmasters_icon_list_item_text\">\n<p>Nous vous demandons de rester \u00e0 vos places durant la repr\u00e9sentation et de ne pas prendre de photos.<\/p>\n<\/div>\n<\/div>\n<\/div>\n<\/li><\/ul>\n<\/div><\/div>\n<\/div>\n<\/div>\n<\/div>\n<\/div>\n<\/div>\n<div id=\"cmsmasters_row_l9aqnbpnu\" class=\"cmsmasters_row cmsmasters_color_scheme_default cmsmasters_row_top_default cmsmasters_row_bot_default cmsmasters_row_boxed\">\n<div class=\"cmsmasters_row_outer_parent\">\n<div class=\"cmsmasters_row_outer\">\n<div class=\"cmsmasters_row_inner\">\n<div class=\"cmsmasters_row_margin\">\n<div id=\"cmsmasters_column_3ifav6wao\" class=\"cmsmasters_column one_first\">\n<div class=\"cmsmasters_column_inner\"><\/div><\/div>\n<\/div>\n<\/div>\n<\/div>\n<\/div>\n<\/div>\n\n","protected":false},"excerpt":{"rendered":"","protected":false},"author":1,"featured_media":0,"parent":0,"menu_order":0,"comment_status":"closed","ping_status":"closed","template":"","meta":[],"_links":{"self":[{"href":"https:\/\/1erseptembre2023.theatredesremparts.be\/index.php\/wp-json\/wp\/v2\/pages\/16595"}],"collection":[{"href":"https:\/\/1erseptembre2023.theatredesremparts.be\/index.php\/wp-json\/wp\/v2\/pages"}],"about":[{"href":"https:\/\/1erseptembre2023.theatredesremparts.be\/index.php\/wp-json\/wp\/v2\/types\/page"}],"author":[{"embeddable":true,"href":"https:\/\/1erseptembre2023.theatredesremparts.be\/index.php\/wp-json\/wp\/v2\/users\/1"}],"replies":[{"embeddable":true,"href":"https:\/\/1erseptembre2023.theatredesremparts.be\/index.php\/wp-json\/wp\/v2\/comments?post=16595"}],"version-history":[{"count":6,"href":"https:\/\/1erseptembre2023.theatredesremparts.be\/index.php\/wp-json\/wp\/v2\/pages\/16595\/revisions"}],"predecessor-version":[{"id":17177,"href":"https:\/\/1erseptembre2023.theatredesremparts.be\/index.php\/wp-json\/wp\/v2\/pages\/16595\/revisions\/17177"}],"wp:attachment":[{"href":"https:\/\/1erseptembre2023.theatredesremparts.be\/index.php\/wp-json\/wp\/v2\/media?parent=16595"}],"curies":[{"name":"wp","href":"https:\/\/api.w.org\/{rel}","templated":true}]}}