{"id":16089,"date":"2017-06-12T13:36:36","date_gmt":"2017-06-12T13:36:36","guid":{"rendered":"http:\/\/theater.cmsmasters.net\/?page_id=13295"},"modified":"2023-07-02T15:30:54","modified_gmt":"2023-07-02T13:30:54","slug":"actors-2","status":"publish","type":"page","link":"https:\/\/1erseptembre2023.theatredesremparts.be\/index.php\/actors-2\/","title":{"rendered":"Rencontre avec nos com\u00e9dien(ne)s"},"content":{"rendered":"<div id=\"cmsmasters_row_kygokd575s\" class=\"cmsmasters_row cmsmasters_color_scheme_default cmsmasters_row_top_default cmsmasters_row_bot_default cmsmasters_row_boxed\">\n<div class=\"cmsmasters_row_outer_parent\">\n<div class=\"cmsmasters_row_outer\">\n<div class=\"cmsmasters_row_inner\">\n<div class=\"cmsmasters_row_margin\">\n<div id=\"cmsmasters_column_6cd5wi47xd\" class=\"cmsmasters_column one_first\">\n<div class=\"cmsmasters_column_inner\">\n<div id=\"cmsmasters_divider_u9am3ihwi\" class=\"cmsmasters_divider cmsmasters_divider_width_long cmsmasters_divider_pos_center\"><\/div>\n<div id=\"cmsmasters_heading_0elfjlztv\" class=\"cmsmasters_heading_wrap cmsmasters_heading_align_center\">\n\t<h2 class=\"cmsmasters_heading\">\u00ab Ils sont tous amateurs de bons mots et d\u2019humour. Leur mission : vous faire passer d\u2019excellents moments ! Faites plus ample connaissance avec eux d\u00e8s \u00e0 pr\u00e9sent ! \u00bb<\/h2>\n<\/div><div class=\"aligncenter\"><div class=\"cmsmasters_img  cmsmasters_image_c\"><img src=\"https:\/\/1erseptembre2023.theatredesremparts.be\/wp-content\/uploads\/2017\/06\/CF1E8F321BA1382D363C2EF011B1B6AAF1979407D0BD15Epimgpsh_fullsize_distr.png\" alt=\"new\" \/><\/div><\/div><div id=\"cmsmasters_profile_69e4a46ba1b2f\" class=\"cmsmasters_profile horizontal\">\n<!-- Start Profile Horizontal Article -->\r\n<article id=\"post-16793\" class=\"cmsmasters_profile_horizontal one_fourth post-16793 profile type-profile status-publish has-post-thumbnail hentry pl-categs-acteur pl-categs-actor pl-categs-artist\">\r\n\t<div class=\"profile_outer\">\r\n\t<div class=\"cmsmasters_profile_img_wrap\"><figure class=\"cmsmasters_img_rollover_wrap preloader\"><img width=\"300\" height=\"300\" src=\"https:\/\/1erseptembre2023.theatredesremparts.be\/wp-content\/uploads\/2017\/06\/Tatiana2-removebg-preview-300x300.png\" class=\"full-width wp-post-image\" alt=\"Tatiana Houyoux\" decoding=\"async\" loading=\"lazy\" title=\"Tatiana2-removebg-preview\" srcset=\"https:\/\/1erseptembre2023.theatredesremparts.be\/wp-content\/uploads\/2017\/06\/Tatiana2-removebg-preview-300x300.png 300w, https:\/\/1erseptembre2023.theatredesremparts.be\/wp-content\/uploads\/2017\/06\/Tatiana2-removebg-preview-150x150.png 150w, https:\/\/1erseptembre2023.theatredesremparts.be\/wp-content\/uploads\/2017\/06\/Tatiana2-removebg-preview-70x70.png 70w, https:\/\/1erseptembre2023.theatredesremparts.be\/wp-content\/uploads\/2017\/06\/Tatiana2-removebg-preview-360x360.png 360w\" sizes=\"(max-width: 300px) 100vw, 300px\" \/><div class=\"cmsmasters_img_rollover\"><a href=\"https:\/\/1erseptembre2023.theatredesremparts.be\/index.php\/profile\/tatiana-houyoux\/\" title=\"Tatiana Houyoux\" class=\"cmsmasters_open_post_link cmsmasters_theme_icon_post_link\"><\/a><\/div><\/figure><\/div><div class=\"profile_inner\"><header class=\"cmsmasters_profile_header entry-header\"><h4 class=\"cmsmasters_profile_title entry-title\"><a href=\"https:\/\/1erseptembre2023.theatredesremparts.be\/index.php\/profile\/tatiana-houyoux\/\">Tatiana Houyoux<\/a><\/h4><h6 class=\"cmsmasters_profile_subtitle\">Libramont<\/h6><\/header><\/div>\t<\/div>\r\n<\/article>\r\n<!-- Finish Profile Horizontal Article -->\r\n\r\n<!-- Start Profile Horizontal Article -->\r\n<article id=\"post-16792\" class=\"cmsmasters_profile_horizontal one_fourth post-16792 profile type-profile status-publish has-post-thumbnail hentry pl-categs-acteur pl-categs-actor pl-categs-artist\">\r\n\t<div class=\"profile_outer\">\r\n\t<div class=\"cmsmasters_profile_img_wrap\"><figure class=\"cmsmasters_img_rollover_wrap preloader\"><img width=\"300\" height=\"300\" src=\"https:\/\/1erseptembre2023.theatredesremparts.be\/wp-content\/uploads\/2017\/06\/Didier1-removebg-preview-300x300.png\" class=\"full-width wp-post-image\" alt=\"Didier\" decoding=\"async\" loading=\"lazy\" title=\"Didier1-removebg-preview\" srcset=\"https:\/\/1erseptembre2023.theatredesremparts.be\/wp-content\/uploads\/2017\/06\/Didier1-removebg-preview-300x300.png 300w, https:\/\/1erseptembre2023.theatredesremparts.be\/wp-content\/uploads\/2017\/06\/Didier1-removebg-preview-150x150.png 150w, https:\/\/1erseptembre2023.theatredesremparts.be\/wp-content\/uploads\/2017\/06\/Didier1-removebg-preview-70x70.png 70w, https:\/\/1erseptembre2023.theatredesremparts.be\/wp-content\/uploads\/2017\/06\/Didier1-removebg-preview-360x360.png 360w\" sizes=\"(max-width: 300px) 100vw, 300px\" \/><div class=\"cmsmasters_img_rollover\"><a href=\"https:\/\/1erseptembre2023.theatredesremparts.be\/index.php\/profile\/didier-poncelet\/\" title=\"Didier Poncelet\" class=\"cmsmasters_open_post_link cmsmasters_theme_icon_post_link\"><\/a><\/div><\/figure><\/div><div class=\"profile_inner\"><header class=\"cmsmasters_profile_header entry-header\"><h4 class=\"cmsmasters_profile_title entry-title\"><a href=\"https:\/\/1erseptembre2023.theatredesremparts.be\/index.php\/profile\/didier-poncelet\/\">Didier Poncelet<\/a><\/h4><h6 class=\"cmsmasters_profile_subtitle\">Bastogne<\/h6><\/header><\/div>\t<\/div>\r\n<\/article>\r\n<!-- Finish Profile Horizontal Article -->\r\n\r\n<!-- Start Profile Horizontal Article -->\r\n<article id=\"post-17083\" class=\"cmsmasters_profile_horizontal one_fourth post-17083 profile type-profile status-publish has-post-thumbnail hentry pl-categs-acteur pl-categs-actor pl-categs-artist\">\r\n\t<div class=\"profile_outer\">\r\n\t<div class=\"cmsmasters_profile_img_wrap\"><figure class=\"cmsmasters_img_rollover_wrap preloader\"><img width=\"300\" height=\"300\" src=\"https:\/\/1erseptembre2023.theatredesremparts.be\/wp-content\/uploads\/2023\/06\/Matine-300x300.png\" class=\"full-width wp-post-image\" alt=\"Martine Cobraiville\" decoding=\"async\" loading=\"lazy\" title=\"Matine\" srcset=\"https:\/\/1erseptembre2023.theatredesremparts.be\/wp-content\/uploads\/2023\/06\/Matine-300x300.png 300w, https:\/\/1erseptembre2023.theatredesremparts.be\/wp-content\/uploads\/2023\/06\/Matine-150x150.png 150w, https:\/\/1erseptembre2023.theatredesremparts.be\/wp-content\/uploads\/2023\/06\/Matine-70x70.png 70w, https:\/\/1erseptembre2023.theatredesremparts.be\/wp-content\/uploads\/2023\/06\/Matine-360x360.png 360w\" sizes=\"(max-width: 300px) 100vw, 300px\" \/><div class=\"cmsmasters_img_rollover\"><a href=\"https:\/\/1erseptembre2023.theatredesremparts.be\/index.php\/profile\/martine-cobraiville\/\" title=\"Martine Cobraiville\" class=\"cmsmasters_open_post_link cmsmasters_theme_icon_post_link\"><\/a><\/div><\/figure><\/div><div class=\"profile_inner\"><header class=\"cmsmasters_profile_header entry-header\"><h4 class=\"cmsmasters_profile_title entry-title\"><a href=\"https:\/\/1erseptembre2023.theatredesremparts.be\/index.php\/profile\/martine-cobraiville\/\">Martine Cobraiville<\/a><\/h4><h6 class=\"cmsmasters_profile_subtitle\">Bastogne<\/h6><\/header><\/div>\t<\/div>\r\n<\/article>\r\n<!-- Finish Profile Horizontal Article -->\r\n\r\n<!-- Start Profile Horizontal Article -->\r\n<article id=\"post-16791\" class=\"cmsmasters_profile_horizontal one_fourth post-16791 profile type-profile status-publish has-post-thumbnail hentry pl-categs-acteur pl-categs-actor pl-categs-artist\">\r\n\t<div class=\"profile_outer\">\r\n\t<div class=\"cmsmasters_profile_img_wrap\"><figure class=\"cmsmasters_img_rollover_wrap preloader\"><img width=\"300\" height=\"300\" src=\"https:\/\/1erseptembre2023.theatredesremparts.be\/wp-content\/uploads\/2017\/06\/Christel1-removebg-preview-300x300.png\" class=\"full-width wp-post-image\" alt=\"Christel Meunier\" decoding=\"async\" loading=\"lazy\" title=\"Christel1-removebg-preview\" srcset=\"https:\/\/1erseptembre2023.theatredesremparts.be\/wp-content\/uploads\/2017\/06\/Christel1-removebg-preview-300x300.png 300w, https:\/\/1erseptembre2023.theatredesremparts.be\/wp-content\/uploads\/2017\/06\/Christel1-removebg-preview-150x150.png 150w, https:\/\/1erseptembre2023.theatredesremparts.be\/wp-content\/uploads\/2017\/06\/Christel1-removebg-preview-70x70.png 70w, https:\/\/1erseptembre2023.theatredesremparts.be\/wp-content\/uploads\/2017\/06\/Christel1-removebg-preview-360x360.png 360w\" sizes=\"(max-width: 300px) 100vw, 300px\" \/><div class=\"cmsmasters_img_rollover\"><a href=\"https:\/\/1erseptembre2023.theatredesremparts.be\/index.php\/profile\/christel-meunier\/\" title=\"Christel Meunier\" class=\"cmsmasters_open_post_link cmsmasters_theme_icon_post_link\"><\/a><\/div><\/figure><\/div><div class=\"profile_inner\"><header class=\"cmsmasters_profile_header entry-header\"><h4 class=\"cmsmasters_profile_title entry-title\"><a href=\"https:\/\/1erseptembre2023.theatredesremparts.be\/index.php\/profile\/christel-meunier\/\">Christel Meunier<\/a><\/h4><h6 class=\"cmsmasters_profile_subtitle\">Bastogne<\/h6><\/header><\/div>\t<\/div>\r\n<\/article>\r\n<!-- Finish Profile Horizontal Article -->\r\n\r\n<!-- Start Profile Horizontal Article -->\r\n<article id=\"post-16790\" class=\"cmsmasters_profile_horizontal one_fourth post-16790 profile type-profile status-publish has-post-thumbnail hentry pl-categs-acteur pl-categs-actor pl-categs-artist\">\r\n\t<div class=\"profile_outer\">\r\n\t<div class=\"cmsmasters_profile_img_wrap\"><figure class=\"cmsmasters_img_rollover_wrap preloader\"><img width=\"300\" height=\"300\" src=\"https:\/\/1erseptembre2023.theatredesremparts.be\/wp-content\/uploads\/2016\/06\/Paga2-removebg-preview-300x300.png\" class=\"full-width wp-post-image\" alt=\"Jean-Philippe Pagani\" decoding=\"async\" loading=\"lazy\" title=\"Paga2-removebg-preview\" srcset=\"https:\/\/1erseptembre2023.theatredesremparts.be\/wp-content\/uploads\/2016\/06\/Paga2-removebg-preview-300x300.png 300w, https:\/\/1erseptembre2023.theatredesremparts.be\/wp-content\/uploads\/2016\/06\/Paga2-removebg-preview-150x150.png 150w, https:\/\/1erseptembre2023.theatredesremparts.be\/wp-content\/uploads\/2016\/06\/Paga2-removebg-preview-70x70.png 70w, https:\/\/1erseptembre2023.theatredesremparts.be\/wp-content\/uploads\/2016\/06\/Paga2-removebg-preview-360x360.png 360w\" sizes=\"(max-width: 300px) 100vw, 300px\" \/><div class=\"cmsmasters_img_rollover\"><a href=\"https:\/\/1erseptembre2023.theatredesremparts.be\/index.php\/profile\/jean-philippe-pagani\/\" title=\"Jean-Philippe Pagani\" class=\"cmsmasters_open_post_link cmsmasters_theme_icon_post_link\"><\/a><\/div><\/figure><\/div><div class=\"profile_inner\"><header class=\"cmsmasters_profile_header entry-header\"><h4 class=\"cmsmasters_profile_title entry-title\"><a href=\"https:\/\/1erseptembre2023.theatredesremparts.be\/index.php\/profile\/jean-philippe-pagani\/\">Jean-Philippe Pagani<\/a><\/h4><h6 class=\"cmsmasters_profile_subtitle\">Bastogne<\/h6><\/header><\/div>\t<\/div>\r\n<\/article>\r\n<!-- Finish Profile Horizontal Article -->\r\n\r\n<!-- Start Profile Horizontal Article -->\r\n<article id=\"post-16789\" class=\"cmsmasters_profile_horizontal one_fourth post-16789 profile type-profile status-publish has-post-thumbnail hentry pl-categs-acteur pl-categs-actor pl-categs-artist\">\r\n\t<div class=\"profile_outer\">\r\n\t<div class=\"cmsmasters_profile_img_wrap\"><figure class=\"cmsmasters_img_rollover_wrap preloader\"><img width=\"300\" height=\"300\" src=\"https:\/\/1erseptembre2023.theatredesremparts.be\/wp-content\/uploads\/2016\/06\/Ludo-removebg-preview-300x300.png\" class=\"full-width wp-post-image\" alt=\"Ludovic Moinet\" decoding=\"async\" loading=\"lazy\" title=\"Ludo-removebg-preview\" srcset=\"https:\/\/1erseptembre2023.theatredesremparts.be\/wp-content\/uploads\/2016\/06\/Ludo-removebg-preview-300x300.png 300w, https:\/\/1erseptembre2023.theatredesremparts.be\/wp-content\/uploads\/2016\/06\/Ludo-removebg-preview-150x150.png 150w, https:\/\/1erseptembre2023.theatredesremparts.be\/wp-content\/uploads\/2016\/06\/Ludo-removebg-preview-70x70.png 70w, https:\/\/1erseptembre2023.theatredesremparts.be\/wp-content\/uploads\/2016\/06\/Ludo-removebg-preview-360x360.png 360w\" sizes=\"(max-width: 300px) 100vw, 300px\" \/><div class=\"cmsmasters_img_rollover\"><a href=\"https:\/\/1erseptembre2023.theatredesremparts.be\/index.php\/profile\/ludovic-moinet\/\" title=\"Ludovic Moinet\" class=\"cmsmasters_open_post_link cmsmasters_theme_icon_post_link\"><\/a><\/div><\/figure><\/div><div class=\"profile_inner\"><header class=\"cmsmasters_profile_header entry-header\"><h4 class=\"cmsmasters_profile_title entry-title\"><a href=\"https:\/\/1erseptembre2023.theatredesremparts.be\/index.php\/profile\/ludovic-moinet\/\">Ludovic Moinet<\/a><\/h4><h6 class=\"cmsmasters_profile_subtitle\">Mageret<\/h6><\/header><\/div>\t<\/div>\r\n<\/article>\r\n<!-- Finish Profile Horizontal Article -->\r\n\r\n<!-- Start Profile Horizontal Article -->\r\n<article id=\"post-16788\" class=\"cmsmasters_profile_horizontal one_fourth post-16788 profile type-profile status-publish has-post-thumbnail hentry pl-categs-acteur pl-categs-actor pl-categs-artist\">\r\n\t<div class=\"profile_outer\">\r\n\t<div class=\"cmsmasters_profile_img_wrap\"><figure class=\"cmsmasters_img_rollover_wrap preloader\"><img width=\"300\" height=\"300\" src=\"https:\/\/1erseptembre2023.theatredesremparts.be\/wp-content\/uploads\/2016\/06\/Emilie-removebg-preview-300x300.png\" class=\"full-width wp-post-image\" alt=\"Emilie Poncin\" decoding=\"async\" loading=\"lazy\" title=\"Emilie-removebg-preview\" srcset=\"https:\/\/1erseptembre2023.theatredesremparts.be\/wp-content\/uploads\/2016\/06\/Emilie-removebg-preview-300x300.png 300w, https:\/\/1erseptembre2023.theatredesremparts.be\/wp-content\/uploads\/2016\/06\/Emilie-removebg-preview-150x150.png 150w, https:\/\/1erseptembre2023.theatredesremparts.be\/wp-content\/uploads\/2016\/06\/Emilie-removebg-preview-70x70.png 70w, https:\/\/1erseptembre2023.theatredesremparts.be\/wp-content\/uploads\/2016\/06\/Emilie-removebg-preview-360x360.png 360w\" sizes=\"(max-width: 300px) 100vw, 300px\" \/><div class=\"cmsmasters_img_rollover\"><a href=\"https:\/\/1erseptembre2023.theatredesremparts.be\/index.php\/profile\/emilie-poncin\/\" title=\"Emilie Poncin\" class=\"cmsmasters_open_post_link cmsmasters_theme_icon_post_link\"><\/a><\/div><\/figure><\/div><div class=\"profile_inner\"><header class=\"cmsmasters_profile_header entry-header\"><h4 class=\"cmsmasters_profile_title entry-title\"><a href=\"https:\/\/1erseptembre2023.theatredesremparts.be\/index.php\/profile\/emilie-poncin\/\">Emilie Poncin<\/a><\/h4><h6 class=\"cmsmasters_profile_subtitle\">Radelange<\/h6><\/header><\/div>\t<\/div>\r\n<\/article>\r\n<!-- Finish Profile Horizontal Article -->\r\n\r\n<!-- Start Profile Horizontal Article -->\r\n<article id=\"post-16787\" class=\"cmsmasters_profile_horizontal one_fourth post-16787 profile type-profile status-publish has-post-thumbnail hentry pl-categs-acteur pl-categs-actor pl-categs-artist\">\r\n\t<div class=\"profile_outer\">\r\n\t<div class=\"cmsmasters_profile_img_wrap\"><figure class=\"cmsmasters_img_rollover_wrap preloader\"><img width=\"300\" height=\"300\" src=\"https:\/\/1erseptembre2023.theatredesremparts.be\/wp-content\/uploads\/2016\/06\/Stephane-removebg-preview-300x300.png\" class=\"full-width wp-post-image\" alt=\"St\u00e9phane Grandjean\" decoding=\"async\" loading=\"lazy\" title=\"St\u00e9phane-removebg-preview\" srcset=\"https:\/\/1erseptembre2023.theatredesremparts.be\/wp-content\/uploads\/2016\/06\/Stephane-removebg-preview-300x300.png 300w, https:\/\/1erseptembre2023.theatredesremparts.be\/wp-content\/uploads\/2016\/06\/Stephane-removebg-preview-150x150.png 150w, https:\/\/1erseptembre2023.theatredesremparts.be\/wp-content\/uploads\/2016\/06\/Stephane-removebg-preview-70x70.png 70w, https:\/\/1erseptembre2023.theatredesremparts.be\/wp-content\/uploads\/2016\/06\/Stephane-removebg-preview-360x360.png 360w\" sizes=\"(max-width: 300px) 100vw, 300px\" \/><div class=\"cmsmasters_img_rollover\"><a href=\"https:\/\/1erseptembre2023.theatredesremparts.be\/index.php\/profile\/stephane-grandjean\/\" title=\"St\u00e9phane Grandjean\" class=\"cmsmasters_open_post_link cmsmasters_theme_icon_post_link\"><\/a><\/div><\/figure><\/div><div class=\"profile_inner\"><header class=\"cmsmasters_profile_header entry-header\"><h4 class=\"cmsmasters_profile_title entry-title\"><a href=\"https:\/\/1erseptembre2023.theatredesremparts.be\/index.php\/profile\/stephane-grandjean\/\">St\u00e9phane Grandjean<\/a><\/h4><h6 class=\"cmsmasters_profile_subtitle\">Vaux-sur-S\u00fbre<\/h6><\/header><\/div>\t<\/div>\r\n<\/article>\r\n<!-- Finish Profile Horizontal Article -->\r\n\r\n<!-- Start Profile Horizontal Article -->\r\n<article id=\"post-16786\" class=\"cmsmasters_profile_horizontal one_fourth post-16786 profile type-profile status-publish has-post-thumbnail hentry pl-categs-acteur pl-categs-actor pl-categs-artist\">\r\n\t<div class=\"profile_outer\">\r\n\t<div class=\"cmsmasters_profile_img_wrap\"><figure class=\"cmsmasters_img_rollover_wrap preloader\"><img width=\"300\" height=\"300\" src=\"https:\/\/1erseptembre2023.theatredesremparts.be\/wp-content\/uploads\/2016\/01\/Dimitri-removebg-preview-300x300.png\" class=\"full-width wp-post-image\" alt=\"Dimitri Collet\" decoding=\"async\" loading=\"lazy\" title=\"Dimitri-removebg-preview\" srcset=\"https:\/\/1erseptembre2023.theatredesremparts.be\/wp-content\/uploads\/2016\/01\/Dimitri-removebg-preview-300x300.png 300w, https:\/\/1erseptembre2023.theatredesremparts.be\/wp-content\/uploads\/2016\/01\/Dimitri-removebg-preview-150x150.png 150w, https:\/\/1erseptembre2023.theatredesremparts.be\/wp-content\/uploads\/2016\/01\/Dimitri-removebg-preview-70x70.png 70w, https:\/\/1erseptembre2023.theatredesremparts.be\/wp-content\/uploads\/2016\/01\/Dimitri-removebg-preview-360x360.png 360w\" sizes=\"(max-width: 300px) 100vw, 300px\" \/><div class=\"cmsmasters_img_rollover\"><a href=\"https:\/\/1erseptembre2023.theatredesremparts.be\/index.php\/profile\/dimitri-collet\/\" title=\"Dimitri Collet\" class=\"cmsmasters_open_post_link cmsmasters_theme_icon_post_link\"><\/a><\/div><\/figure><\/div><div class=\"profile_inner\"><header class=\"cmsmasters_profile_header entry-header\"><h4 class=\"cmsmasters_profile_title entry-title\"><a href=\"https:\/\/1erseptembre2023.theatredesremparts.be\/index.php\/profile\/dimitri-collet\/\">Dimitri Collet<\/a><\/h4><h6 class=\"cmsmasters_profile_subtitle\">Bastogne<\/h6><\/header><\/div>\t<\/div>\r\n<\/article>\r\n<!-- Finish Profile Horizontal Article -->\r\n\r\n<!-- Start Profile Horizontal Article -->\r\n<article id=\"post-16784\" class=\"cmsmasters_profile_horizontal one_fourth post-16784 profile type-profile status-publish has-post-thumbnail hentry pl-categs-acteur pl-categs-actor pl-categs-artist\">\r\n\t<div class=\"profile_outer\">\r\n\t<div class=\"cmsmasters_profile_img_wrap\"><figure class=\"cmsmasters_img_rollover_wrap preloader\"><img width=\"300\" height=\"300\" src=\"https:\/\/1erseptembre2023.theatredesremparts.be\/wp-content\/uploads\/2015\/11\/Pops-Petit-300x300.png\" class=\"full-width wp-post-image\" alt=\"Patrick Pops\" decoding=\"async\" loading=\"lazy\" title=\"Pops (Petit)\" srcset=\"https:\/\/1erseptembre2023.theatredesremparts.be\/wp-content\/uploads\/2015\/11\/Pops-Petit-300x300.png 300w, https:\/\/1erseptembre2023.theatredesremparts.be\/wp-content\/uploads\/2015\/11\/Pops-Petit-150x150.png 150w, https:\/\/1erseptembre2023.theatredesremparts.be\/wp-content\/uploads\/2015\/11\/Pops-Petit-70x70.png 70w, https:\/\/1erseptembre2023.theatredesremparts.be\/wp-content\/uploads\/2015\/11\/Pops-Petit-360x360.png 360w\" sizes=\"(max-width: 300px) 100vw, 300px\" \/><div class=\"cmsmasters_img_rollover\"><a href=\"https:\/\/1erseptembre2023.theatredesremparts.be\/index.php\/profile\/patrick-pops\/\" title=\"Patrick Pops\" class=\"cmsmasters_open_post_link cmsmasters_theme_icon_post_link\"><\/a><\/div><\/figure><\/div><div class=\"profile_inner\"><header class=\"cmsmasters_profile_header entry-header\"><h4 class=\"cmsmasters_profile_title entry-title\"><a href=\"https:\/\/1erseptembre2023.theatredesremparts.be\/index.php\/profile\/patrick-pops\/\">Patrick Pops<\/a><\/h4><h6 class=\"cmsmasters_profile_subtitle\">Bouillon<\/h6><\/header><\/div>\t<\/div>\r\n<\/article>\r\n<!-- Finish Profile Horizontal Article -->\r\n\r\n<!-- Start Profile Horizontal Article -->\r\n<article id=\"post-16785\" class=\"cmsmasters_profile_horizontal one_fourth post-16785 profile type-profile status-publish has-post-thumbnail hentry pl-categs-acteur pl-categs-actor pl-categs-artist\">\r\n\t<div class=\"profile_outer\">\r\n\t<div class=\"cmsmasters_profile_img_wrap\"><figure class=\"cmsmasters_img_rollover_wrap preloader\"><img width=\"300\" height=\"300\" src=\"https:\/\/1erseptembre2023.theatredesremparts.be\/wp-content\/uploads\/2015\/11\/Nicolas-removebg-preview-300x300.png\" class=\"full-width wp-post-image\" alt=\"Nicolas Neysen\" decoding=\"async\" loading=\"lazy\" title=\"Nicolas-removebg-preview\" srcset=\"https:\/\/1erseptembre2023.theatredesremparts.be\/wp-content\/uploads\/2015\/11\/Nicolas-removebg-preview-300x300.png 300w, https:\/\/1erseptembre2023.theatredesremparts.be\/wp-content\/uploads\/2015\/11\/Nicolas-removebg-preview-150x150.png 150w, https:\/\/1erseptembre2023.theatredesremparts.be\/wp-content\/uploads\/2015\/11\/Nicolas-removebg-preview-70x70.png 70w, https:\/\/1erseptembre2023.theatredesremparts.be\/wp-content\/uploads\/2015\/11\/Nicolas-removebg-preview-360x360.png 360w\" sizes=\"(max-width: 300px) 100vw, 300px\" \/><div class=\"cmsmasters_img_rollover\"><a href=\"https:\/\/1erseptembre2023.theatredesremparts.be\/index.php\/profile\/nicolas-neysen\/\" title=\"Nicolas Neysen\" class=\"cmsmasters_open_post_link cmsmasters_theme_icon_post_link\"><\/a><\/div><\/figure><\/div><div class=\"profile_inner\"><header class=\"cmsmasters_profile_header entry-header\"><h4 class=\"cmsmasters_profile_title entry-title\"><a href=\"https:\/\/1erseptembre2023.theatredesremparts.be\/index.php\/profile\/nicolas-neysen\/\">Nicolas Neysen<\/a><\/h4><h6 class=\"cmsmasters_profile_subtitle\">Bastogne<\/h6><\/header><\/div>\t<\/div>\r\n<\/article>\r\n<!-- Finish Profile Horizontal Article -->\r\n\r\n<\/div>\n<\/div><\/div>\n<\/div>\n<\/div>\n<\/div>\n<\/div>\n<\/div>\n\n","protected":false},"excerpt":{"rendered":"","protected":false},"author":1,"featured_media":0,"parent":0,"menu_order":0,"comment_status":"closed","ping_status":"closed","template":"","meta":[],"_links":{"self":[{"href":"https:\/\/1erseptembre2023.theatredesremparts.be\/index.php\/wp-json\/wp\/v2\/pages\/16089"}],"collection":[{"href":"https:\/\/1erseptembre2023.theatredesremparts.be\/index.php\/wp-json\/wp\/v2\/pages"}],"about":[{"href":"https:\/\/1erseptembre2023.theatredesremparts.be\/index.php\/wp-json\/wp\/v2\/types\/page"}],"author":[{"embeddable":true,"href":"https:\/\/1erseptembre2023.theatredesremparts.be\/index.php\/wp-json\/wp\/v2\/users\/1"}],"replies":[{"embeddable":true,"href":"https:\/\/1erseptembre2023.theatredesremparts.be\/index.php\/wp-json\/wp\/v2\/comments?post=16089"}],"version-history":[{"count":1,"href":"https:\/\/1erseptembre2023.theatredesremparts.be\/index.php\/wp-json\/wp\/v2\/pages\/16089\/revisions"}],"predecessor-version":[{"id":17224,"href":"https:\/\/1erseptembre2023.theatredesremparts.be\/index.php\/wp-json\/wp\/v2\/pages\/16089\/revisions\/17224"}],"wp:attachment":[{"href":"https:\/\/1erseptembre2023.theatredesremparts.be\/index.php\/wp-json\/wp\/v2\/media?parent=16089"}],"curies":[{"name":"wp","href":"https:\/\/api.w.org\/{rel}","templated":true}]}}