{"id":16085,"date":"2015-04-20T11:50:56","date_gmt":"2015-04-20T11:50:56","guid":{"rendered":"http:\/\/welfare.cmsmasters.net\/?page_id=529"},"modified":"2023-07-01T15:24:18","modified_gmt":"2023-07-01T13:24:18","slug":"la-compagnie","status":"publish","type":"page","link":"https:\/\/1erseptembre2023.theatredesremparts.be\/index.php\/la-compagnie\/","title":{"rendered":"Le Th\u00e9\u00e2tre des Remparts"},"content":{"rendered":"<div id=\"cmsmasters_row_982eaf665a\" class=\"cmsmasters_row cmsmasters_color_scheme_default cmsmasters_row_top_default cmsmasters_row_bot_default cmsmasters_row_boxed\">\n<div class=\"cmsmasters_row_outer_parent\">\n<div class=\"cmsmasters_row_outer\">\n<div class=\"cmsmasters_row_inner\">\n<div class=\"cmsmasters_row_margin\">\n<div id=\"cmsmasters_column_6103458c4a\" class=\"cmsmasters_column one_first\">\n<div class=\"cmsmasters_column_inner\"><div id=\"cmsmasters_heading_opx1gexpco\" class=\"cmsmasters_heading_wrap cmsmasters_heading_align_left\">\n\t<h2 class=\"cmsmasters_heading\">\u00ab Vous \u00eates quelqu\u2019un de curieux, n\u2019est-ce pas ? Aucun souci, nous n\u2019avons rien \u00e0 cacher ! Vous trouverez ici tout ce que vous avez toujours voulu savoir \u00e0 propos du Th\u00e9\u00e2tre des Remparts. \u00bb. Voici &#8230;<\/h2>\n<\/div>\n<div id=\"cmsmasters_divider_0re7dj5wzw\" class=\"cmsmasters_divider cmsmasters_divider_width_long cmsmasters_divider_pos_center\"><\/div>\n<div id=\"cmsmasters_heading_15996123cc\" class=\"cmsmasters_heading_wrap cmsmasters_heading_align_center\">\n\t<h2 class=\"cmsmasters_heading\">Notre Histoire<\/h2>\n<\/div><div class=\"aligncenter\"><div class=\"cmsmasters_img  cmsmasters_image_c\"><img src=\"https:\/\/1erseptembre2023.theatredesremparts.be\/wp-content\/uploads\/2017\/06\/CF1E8F321BA1382D363C2EF011B1B6AAF1979407D0BD15Epimgpsh_fullsize_distr.png\" alt=\"new\" \/><\/div><\/div>\n<div id=\"cmsmasters_divider_qo7in6c6hh\" class=\"cmsmasters_divider cmsmasters_divider_width_long cmsmasters_divider_pos_center\"><\/div>\n<div class=\"aligncenter\"><div class=\"cmsmasters_img  cmsmasters_image_c\"><img src=\"https:\/\/1erseptembre2023.theatredesremparts.be\/wp-content\/uploads\/2022\/04\/Troupe-Remparts-860x448.jpg\" \/><\/div><\/div>\n<div id=\"cmsmasters_divider_rdmfjuk7p1\" class=\"cmsmasters_divider cmsmasters_divider_width_long cmsmasters_divider_pos_center\"><\/div>\n<div class=\"aligncenter\"><div class=\"cmsmasters_img  cmsmasters_image_c\"><img src=\"https:\/\/1erseptembre2023.theatredesremparts.be\/wp-content\/uploads\/2017\/06\/CF1E8F321BA1382D363C2EF011B1B6AAF1979407D0BD15Epimgpsh_fullsize_distr.png\" alt=\"new\" \/><\/div><\/div>\n<\/div><\/div>\n<\/div>\n<\/div>\n<\/div>\n<\/div>\n<\/div>\n<div id=\"cmsmasters_row_17e59a36a6\" class=\"cmsmasters_row cmsmasters_color_scheme_default cmsmasters_row_top_default cmsmasters_row_bot_default cmsmasters_row_boxed\">\n<div class=\"cmsmasters_row_outer_parent\">\n<div class=\"cmsmasters_row_outer\">\n<div class=\"cmsmasters_row_inner\">\n<div class=\"cmsmasters_row_margin\">\n<div id=\"cmsmasters_column_b844710945\" class=\"cmsmasters_column one_first\">\n<div class=\"cmsmasters_column_inner\"><div id=\"cmsmasters_fb_1y9k96l688\" class=\"cmsmasters_featured_block\">\n<div class=\"featured_block_inner\">\n<div class=\"featured_block_text\">\n<h2 style=\"text-align: justify;\"><em><span style=\"color: #808080;\"><sup>\u00a0 \u00a0 \u00a0 \u00a0 \u00a0 Affili\u00e9e \u00e0 la F\u00e9d\u00e9ration Nationale des Compagnies Dramatiques (FNCD), la compagnie du Th\u00e9\u00e2tre des Remparts a \u00e9t\u00e9 fond\u00e9e en 1998, \u00e0 l\u2019initiative de Fr\u00e9d\u00e9ric Henrion, un passionn\u00e9 de th\u00e9\u00e2tre et de musique rock. <\/sup><\/span><\/em><\/h2>\n<h2 style=\"text-align: justify;\"><\/h2>\n<h2 style=\"text-align: justify;\"><em><span style=\"color: #808080;\"><sup>\u00a0 \u00a0 \u00a0 \u00a0 \u00a0 Apr\u00e8s avoir \u00e9t\u00e9 acteur, puis metteur en sc\u00e8ne au sein d\u2019une troupe de village, Fr\u00e9d\u00e9ric d\u00e9cide, dans la foul\u00e9e d\u2019une participation \u00e0 un spectacle en plein air dans la ville de Bastogne (\u00ab la Paveye \u00bb), de lancer sa propre compagnie de th\u00e9\u00e2tre amateur. <\/sup><\/span><\/em><\/h2>\n<h2 style=\"text-align: justify;\"><\/h2>\n<h2 style=\"text-align: justify;\"><em><span style=\"color: #808080;\"><sup>\u00a0 \u00a0 \u00a0 \u00a0 \u00a0 Rassemblant une dizaine de com\u00e9diens et com\u00e9diennes, la compagnie se construit au fil du temps une solide r\u00e9putation dans la r\u00e9gion.<\/sup><\/span><\/em><\/h2>\n<h2 style=\"text-align: justify;\"><em><span style=\"color: #808080;\"><sup>\u00a0 \u00a0 \u00a0 \u00a0 \u00a0 Si au d\u00e9part, le Th\u00e9\u00e2tre des Remparts s\u2019attaque \u00e0 des classiques du genre (Une demande en mariage, Le Revizor, Les Sorci\u00e8res de Salem, \u2026), tr\u00e8s vite, elle choisit de s\u2019orienter vers la com\u00e9die plus contemporaine (Th\u00e9 \u00e0 la menthe ou t&rsquo;es citron?, Les Enfants d\u2019Edouard, Chat et Souris, Les mutin\u00e9s du Fish and Chips, \u2026).<\/sup><\/span><\/em><\/h2>\n<h2 style=\"text-align: justify;\"><em><span style=\"color: #808080;\"><sup>\u00a0 \u00a0 \u00a0 \u00a0 \u00a0 L\u2019une des particularit\u00e9s de la compagnie r\u00e9side dans son concept de repas-spectacle. En effet, depuis sa cr\u00e9ation, la compagnie agr\u00e9mente les soirs de repr\u00e9sentation d\u2019une touche gustative, pour le plus grand bonheur de ses fid\u00e8les spectateurs.<\/sup><\/span><\/em><\/h2>\n<h2 style=\"text-align: justify;\"><em><span style=\"color: #808080;\"><sup>\u00a0 \u00a0 \u00a0 \u00a0 \u00a0 La compagnie propose une \u00e0 deux nouvelles cr\u00e9ations chaque ann\u00e9e et programme entre huit et douze dates, r\u00e9parties sur les mois d\u2019octobre et de novembre. En moyenne, \u00e0 chacune de ses saisons, ce sont ainsi pr\u00e8s de 1.500 spectateurs qui viennent assister aux repr\u00e9sentations du Th\u00e9\u00e2tre des Remparts.<\/sup><\/span><\/em><\/h2>\n\n<\/div>\n<\/div>\n<\/div>\n<div id=\"cmsmasters_divider_w91xf5etqj\" class=\"cmsmasters_divider cmsmasters_divider_width_long cmsmasters_divider_pos_center\"><\/div>\n<div class=\"aligncenter\"><div class=\"cmsmasters_img  cmsmasters_image_c\"><img src=\"https:\/\/1erseptembre2023.theatredesremparts.be\/wp-content\/uploads\/2017\/06\/CF1E8F321BA1382D363C2EF011B1B6AAF1979407D0BD15Epimgpsh_fullsize_distr.png\" alt=\"new\" \/><\/div><\/div>\n<div id=\"cmsmasters_divider_jaz7gy7gig\" class=\"cmsmasters_divider cmsmasters_divider_width_long cmsmasters_divider_pos_center\"><\/div>\n<div class=\"cmsmasters_embed_wrap\" data-animation=\"fadeIn\" data-delay=\"100\">\n<iframe title=\"Th\u00e9\u00e2tre des Remparts - 20 ans\" width=\"1160\" height=\"653\" src=\"https:\/\/www.youtube.com\/embed\/3rNq3ZAss2k?feature=oembed\" frameborder=\"0\" allow=\"accelerometer; autoplay; clipboard-write; encrypted-media; gyroscope; picture-in-picture\" allowfullscreen><\/iframe><\/div>\n<div id=\"cmsmasters_divider_d7niqulqka\" class=\"cmsmasters_divider cmsmasters_divider_width_long cmsmasters_divider_pos_center\"><\/div>\n<div class=\"aligncenter\"><div class=\"cmsmasters_img  cmsmasters_image_c\"><img src=\"https:\/\/1erseptembre2023.theatredesremparts.be\/wp-content\/uploads\/2017\/06\/CF1E8F321BA1382D363C2EF011B1B6AAF1979407D0BD15Epimgpsh_fullsize_distr.png\" alt=\"new\" \/><\/div><\/div><div id=\"cmsmasters_heading_d68d1408b3\" class=\"cmsmasters_heading_wrap cmsmasters_heading_align_center\">\n\t<h2 class=\"cmsmasters_heading\">Nos spectacles pass\u00e9s<\/h2>\n<\/div><div class=\"aligncenter\"><div class=\"cmsmasters_img  cmsmasters_image_c\"><img src=\"https:\/\/1erseptembre2023.theatredesremparts.be\/wp-content\/uploads\/2017\/06\/CF1E8F321BA1382D363C2EF011B1B6AAF1979407D0BD15Epimgpsh_fullsize_distr.png\" alt=\"new\" \/><\/div><\/div>\n<\/div><\/div>\n<\/div>\n<\/div>\n<\/div>\n<\/div>\n<\/div>\n<div id=\"cmsmasters_row_0bae174357\" class=\"cmsmasters_row cmsmasters_color_scheme_default cmsmasters_row_top_default cmsmasters_row_bot_default cmsmasters_row_boxed\">\n<div class=\"cmsmasters_row_outer_parent\">\n<div class=\"cmsmasters_row_outer\">\n<div class=\"cmsmasters_row_inner\">\n<div class=\"cmsmasters_row_margin\">\n<div id=\"cmsmasters_column_445627b659\" class=\"cmsmasters_column one_first\">\n<div class=\"cmsmasters_column_inner\">\n<div class=\"cmsmasters_posts_slider project\" >\r\n\t\t\t<div id=\"cmsmasters_slider_a7c101f290\" class=\"cmsmasters_owl_slider owl-carousel\" data-items=\"4\" data-single-item=\"false\" data-navigation=\"false\" data-auto-play=\"5000\"><div class=\"cmsmasters_owl_slider_item\"><!-- Start Posts Slider Project Article -->\r\n<article id=\"post-16333\" class=\"cmsmasters_slider_project post-16333 project type-project status-publish format-standard has-post-thumbnail hentry pj-categs-spectacles-passes\">\r\n\t<div class=\"cmsmasters_slider_project_outer\">\r\n\t<div class=\"project_img_wrap\"><figure class=\"cmsmasters_img_rollover_wrap preloader\"><img width=\"560\" height=\"340\" src=\"https:\/\/1erseptembre2023.theatredesremparts.be\/wp-content\/uploads\/2022\/04\/Affiche-mutines-560x340.jpg\" class=\"full-width wp-post-image\" alt=\"2019 -2018 : Les Mutin\u00e9s du Fish and Chips, (P. Chaboud)\" decoding=\"async\" loading=\"lazy\" title=\"Affiche mutin\u00e9s\" \/><div class=\"cmsmasters_img_rollover\"><a href=\"https:\/\/1erseptembre2023.theatredesremparts.be\/index.php\/project\/2019-2018-les-mutines-du-fish-and-chips-p-chaboud\/\" title=\"2019 -2018 : Les Mutin\u00e9s du Fish and Chips, (P. Chaboud)\" class=\"cmsmasters_open_post_link cmsmasters_theme_icon_post_link\"><\/a><\/div><\/figure><\/div>\t<\/div>\r\n<\/article>\r\n<!-- Finish Posts Slider Project Article -->\r\n\r\n<\/div><div class=\"cmsmasters_owl_slider_item\"><!-- Start Posts Slider Project Article -->\r\n<article id=\"post-16349\" class=\"cmsmasters_slider_project post-16349 project type-project status-publish format-standard has-post-thumbnail hentry pj-categs-spectacles-passes\">\r\n\t<div class=\"cmsmasters_slider_project_outer\">\r\n\t<div class=\"project_img_wrap\"><figure class=\"cmsmasters_img_rollover_wrap preloader\"><img width=\"560\" height=\"340\" src=\"https:\/\/1erseptembre2023.theatredesremparts.be\/wp-content\/uploads\/2017\/07\/20900826_1693236180709353_4357200177702431326_o-560x340.jpg\" class=\"full-width wp-post-image\" alt=\"2017\u00a0:\u00a0\u00a0 On choisit pas ses vacances, (J.-C. Barc et D. Bastien)\" decoding=\"async\" loading=\"lazy\" title=\"20900826_1693236180709353_4357200177702431326_o\" \/><div class=\"cmsmasters_img_rollover\"><a href=\"https:\/\/1erseptembre2023.theatredesremparts.be\/index.php\/project\/2017-on-choisit-pas-ses-vacances-j-c-barc-et-d-bastien\/\" title=\"2017\u00a0:\u00a0\u00a0 On choisit pas ses vacances, (J.-C. Barc et D. Bastien)\" class=\"cmsmasters_open_post_link cmsmasters_theme_icon_post_link\"><\/a><\/div><\/figure><\/div>\t<\/div>\r\n<\/article>\r\n<!-- Finish Posts Slider Project Article -->\r\n\r\n<\/div><div class=\"cmsmasters_owl_slider_item\"><!-- Start Posts Slider Project Article -->\r\n<article id=\"post-16390\" class=\"cmsmasters_slider_project post-16390 project type-project status-publish format-standard has-post-thumbnail hentry pj-categs-spectacles-passes\">\r\n\t<div class=\"cmsmasters_slider_project_outer\">\r\n\t<div class=\"project_img_wrap\"><figure class=\"cmsmasters_img_rollover_wrap preloader\"><img width=\"560\" height=\"340\" src=\"https:\/\/1erseptembre2023.theatredesremparts.be\/wp-content\/uploads\/2022\/04\/Affiche-V14-COMPLET-scaled-1-560x340.jpg\" class=\"full-width wp-post-image\" alt=\"2016\u00a0:\u00a0\u00a0 Ainsi soient-elles, E. Beauvillain\" decoding=\"async\" loading=\"lazy\" title=\"Affiche V14 COMPLET\" \/><div class=\"cmsmasters_img_rollover\"><a href=\"https:\/\/1erseptembre2023.theatredesremparts.be\/index.php\/project\/2016-ainsi-soient-elles-e-beauvillain\/\" title=\"2016\u00a0:\u00a0\u00a0 Ainsi soient-elles, E. Beauvillain\" class=\"cmsmasters_open_post_link cmsmasters_theme_icon_post_link\"><\/a><\/div><\/figure><\/div>\t<\/div>\r\n<\/article>\r\n<!-- Finish Posts Slider Project Article -->\r\n\r\n<\/div><div class=\"cmsmasters_owl_slider_item\"><!-- Start Posts Slider Project Article -->\r\n<article id=\"post-16455\" class=\"cmsmasters_slider_project post-16455 project type-project status-publish format-standard has-post-thumbnail hentry pj-categs-spectacles-passes\">\r\n\t<div class=\"cmsmasters_slider_project_outer\">\r\n\t<div class=\"project_img_wrap\"><figure class=\"cmsmasters_img_rollover_wrap preloader\"><img width=\"560\" height=\"340\" src=\"https:\/\/1erseptembre2023.theatredesremparts.be\/wp-content\/uploads\/2022\/04\/2976_9525-Theatre-des-Remparts-Affiche-A3_decoupe-Copie-scaled-1-560x340.jpg\" class=\"full-width wp-post-image\" alt=\"2015\u00a0:\u00a0\u00a0 Th\u00e9 \u00e0 la menthe ou t\u2019es citron\u00a0? P. Haudecoeur et D. Navarro \/ Caf\u00e9 des Sports, J.-P. Martinez\" decoding=\"async\" loading=\"lazy\" title=\"2976_9525 - Th\u00e9\u00e2tre des Remparts - Affiche A3_decoupe - Copie\" \/><div class=\"cmsmasters_img_rollover\"><a href=\"https:\/\/1erseptembre2023.theatredesremparts.be\/index.php\/project\/2015-the-a-la-menthe-ou-tes-citron-p-haudecoeur-et-d-navarro-cafe-des-sports-j-p-martinez\/\" title=\"2015\u00a0:\u00a0\u00a0 Th\u00e9 \u00e0 la menthe ou t\u2019es citron\u00a0? P. Haudecoeur et D. Navarro \/ Caf\u00e9 des Sports, J.-P. Martinez\" class=\"cmsmasters_open_post_link cmsmasters_theme_icon_post_link\"><\/a><\/div><\/figure><\/div>\t<\/div>\r\n<\/article>\r\n<!-- Finish Posts Slider Project Article -->\r\n\r\n<\/div><div class=\"cmsmasters_owl_slider_item\"><!-- Start Posts Slider Project Article -->\r\n<article id=\"post-17158\" class=\"cmsmasters_slider_project post-17158 project type-project status-publish format-standard has-post-thumbnail hentry pj-categs-spectacles-passes\">\r\n\t<div class=\"cmsmasters_slider_project_outer\">\r\n\t<div class=\"project_img_wrap\"><figure class=\"cmsmasters_img_rollover_wrap preloader\"><img width=\"560\" height=\"340\" src=\"https:\/\/1erseptembre2023.theatredesremparts.be\/wp-content\/uploads\/2023\/07\/278930480_2138693982961843_8732101280871551543_n-560x340.jpg\" class=\"full-width wp-post-image\" alt=\"2014 \u2013 Les Enfants d\u2019\u00c9douard de Fr J. Jackson (en) et R. Bottomley\" decoding=\"async\" loading=\"lazy\" title=\"278930480_2138693982961843_8732101280871551543_n\" \/><div class=\"cmsmasters_img_rollover\"><a href=\"https:\/\/1erseptembre2023.theatredesremparts.be\/index.php\/project\/2014-les-enfants-dedouard-de-fr-j-jackson-en-et-r-bottomley\/\" title=\"2014 \u2013 Les Enfants d\u2019\u00c9douard de Fr J. Jackson (en) et R. Bottomley\" class=\"cmsmasters_open_post_link cmsmasters_theme_icon_post_link\"><\/a><\/div><\/figure><\/div>\t<\/div>\r\n<\/article>\r\n<!-- Finish Posts Slider Project Article -->\r\n\r\n<\/div><div class=\"cmsmasters_owl_slider_item\"><!-- Start Posts Slider Project Article -->\r\n<article id=\"post-17166\" class=\"cmsmasters_slider_project post-17166 project type-project status-publish format-standard has-post-thumbnail hentry pj-categs-spectacles-passes\">\r\n\t<div class=\"cmsmasters_slider_project_outer\">\r\n\t<div class=\"project_img_wrap\"><figure class=\"cmsmasters_img_rollover_wrap preloader\"><img width=\"560\" height=\"340\" src=\"https:\/\/1erseptembre2023.theatredesremparts.be\/wp-content\/uploads\/2023\/07\/279083150_358295146262207_7984176482980399610_n-560x340.png\" class=\"full-width wp-post-image\" alt=\"2013 \u2013 Petit d\u00e9jeuner compris de  Christine Reverho\" decoding=\"async\" loading=\"lazy\" title=\"279083150_358295146262207_7984176482980399610_n\" \/><div class=\"cmsmasters_img_rollover\"><a href=\"https:\/\/1erseptembre2023.theatredesremparts.be\/index.php\/project\/2013-petit-dejeuner-compris-de-christine-reverho\/\" title=\"2013 \u2013 Petit d\u00e9jeuner compris de  Christine Reverho\" class=\"cmsmasters_open_post_link cmsmasters_theme_icon_post_link\"><\/a><\/div><\/figure><\/div>\t<\/div>\r\n<\/article>\r\n<!-- Finish Posts Slider Project Article -->\r\n\r\n<\/div><\/div><\/div>\n<\/div><\/div>\n<\/div>\n<\/div>\n<\/div>\n<\/div>\n<\/div>\n<div id=\"cmsmasters_row_0b189a49e3\" class=\"cmsmasters_row cmsmasters_color_scheme_default cmsmasters_row_top_default cmsmasters_row_bot_default cmsmasters_row_boxed\">\n<div class=\"cmsmasters_row_outer_parent\">\n<div class=\"cmsmasters_row_outer\">\n<div class=\"cmsmasters_row_inner\">\n<div class=\"cmsmasters_row_margin\">\n<div id=\"cmsmasters_column_f61c446e07\" class=\"cmsmasters_column one_third\">\n<div class=\"cmsmasters_column_inner\"><div id=\"cmsmasters_heading_0049323504\" class=\"cmsmasters_heading_wrap cmsmasters_heading_align_left\">\n\t<h5 class=\"cmsmasters_heading\">D\u00e9cors<\/h5>\n<\/div><div id=\"cmsmasters_heading_fd506b8dbc\" class=\"cmsmasters_heading_wrap cmsmasters_heading_align_left\">\n\t<h6 class=\"cmsmasters_heading\">Bient\u00f4t plus de d\u00e9tails<\/h6>\n<\/div><div id=\"cmsmasters_heading_b37cdbf414\" class=\"cmsmasters_heading_wrap cmsmasters_heading_align_left\">\n\t<h5 class=\"cmsmasters_heading\"><a href=\"#\">En savoir plus&#8230;<\/a><\/h5>\n<\/div>\n<\/div><\/div>\n<div id=\"cmsmasters_column_395af7ad0a\" class=\"cmsmasters_column one_third\">\n<div class=\"cmsmasters_column_inner\"><div id=\"cmsmasters_heading_399abd6ded\" class=\"cmsmasters_heading_wrap cmsmasters_heading_align_left\">\n\t<h5 class=\"cmsmasters_heading\">Costumes<\/h5>\n<\/div><div id=\"cmsmasters_heading_326e6399ba\" class=\"cmsmasters_heading_wrap cmsmasters_heading_align_left\">\n\t<h6 class=\"cmsmasters_heading\">Bient\u00f4t plus de d\u00e9tails<\/h6>\n<\/div><div id=\"cmsmasters_heading_48c41b8d8d\" class=\"cmsmasters_heading_wrap cmsmasters_heading_align_left\">\n\t<h5 class=\"cmsmasters_heading\"><a href=\"#\">En savoir plus&#8230;<\/a><\/h5>\n<\/div>\n<\/div><\/div>\n<div id=\"cmsmasters_column_37c09a73e5\" class=\"cmsmasters_column one_third\">\n<div class=\"cmsmasters_column_inner\"><div id=\"cmsmasters_heading_a256c0311e\" class=\"cmsmasters_heading_wrap cmsmasters_heading_align_left\">\n\t<h5 class=\"cmsmasters_heading\">Sonorisation<\/h5>\n<\/div><div id=\"cmsmasters_heading_58f10bd927\" class=\"cmsmasters_heading_wrap cmsmasters_heading_align_left\">\n\t<h6 class=\"cmsmasters_heading\">Bient\u00f4t plus de d\u00e9tails<\/h6>\n<\/div><div id=\"cmsmasters_heading_f1b60c46aa\" class=\"cmsmasters_heading_wrap cmsmasters_heading_align_left\">\n\t<h5 class=\"cmsmasters_heading\"><a href=\"#\">En savoir plus&#8230;<\/a><\/h5>\n<\/div>\n<\/div><\/div>\n<\/div>\n<\/div>\n<\/div>\n<\/div>\n<\/div>\n\n","protected":false},"excerpt":{"rendered":"","protected":false},"author":1,"featured_media":0,"parent":0,"menu_order":0,"comment_status":"closed","ping_status":"closed","template":"","meta":[],"_links":{"self":[{"href":"https:\/\/1erseptembre2023.theatredesremparts.be\/index.php\/wp-json\/wp\/v2\/pages\/16085"}],"collection":[{"href":"https:\/\/1erseptembre2023.theatredesremparts.be\/index.php\/wp-json\/wp\/v2\/pages"}],"about":[{"href":"https:\/\/1erseptembre2023.theatredesremparts.be\/index.php\/wp-json\/wp\/v2\/types\/page"}],"author":[{"embeddable":true,"href":"https:\/\/1erseptembre2023.theatredesremparts.be\/index.php\/wp-json\/wp\/v2\/users\/1"}],"replies":[{"embeddable":true,"href":"https:\/\/1erseptembre2023.theatredesremparts.be\/index.php\/wp-json\/wp\/v2\/comments?post=16085"}],"version-history":[{"count":1,"href":"https:\/\/1erseptembre2023.theatredesremparts.be\/index.php\/wp-json\/wp\/v2\/pages\/16085\/revisions"}],"predecessor-version":[{"id":17144,"href":"https:\/\/1erseptembre2023.theatredesremparts.be\/index.php\/wp-json\/wp\/v2\/pages\/16085\/revisions\/17144"}],"wp:attachment":[{"href":"https:\/\/1erseptembre2023.theatredesremparts.be\/index.php\/wp-json\/wp\/v2\/media?parent=16085"}],"curies":[{"name":"wp","href":"https:\/\/api.w.org\/{rel}","templated":true}]}}